{"id":1272,"date":"2019-10-01T16:00:10","date_gmt":"2019-10-01T16:00:10","guid":{"rendered":"https:\/\/bergamacevreff.org\/?page_id=1272"},"modified":"2019-10-22T06:54:49","modified_gmt":"2019-10-22T06:54:49","slug":"sedat-gundogdu","status":"publish","type":"page","link":"https:\/\/bergamacevreff.org\/en\/sedat-gundogdu\/","title":{"rendered":"Sedat G\u00fcndo\u011fdu"},"content":{"rendered":"[vc_row type=&#8221;full_width_background&#8221; full_screen_row_position=&#8221;middle&#8221; scene_position=&#8221;center&#8221; text_color=&#8221;dark&#8221; text_align=&#8221;left&#8221; top_padding=&#8221;10%&#8221; bottom_padding=&#8221;10%&#8221; overlay_strength=&#8221;0.3&#8243; shape_divider_position=&#8221;bottom&#8221; bg_image_animation=&#8221;none&#8221;][vc_column column_padding=&#8221;padding-4-percent&#8221; column_padding_position=&#8221;bottom&#8221; background_color_opacity=&#8221;1&#8243; background_hover_color_opacity=&#8221;1&#8243; column_link_target=&#8221;_self&#8221; column_shadow=&#8221;none&#8221; column_border_radius=&#8221;none&#8221; width=&#8221;1\/1&#8243; tablet_width_inherit=&#8221;default&#8221; tablet_text_alignment=&#8221;default&#8221; phone_text_alignment=&#8221;default&#8221; column_border_width=&#8221;none&#8221; column_border_style=&#8221;solid&#8221; bg_image_animation=&#8221;none&#8221;][vc_row_inner column_margin=&#8221;default&#8221; text_align=&#8221;left&#8221;][vc_column_inner column_padding=&#8221;no-extra-padding&#8221; column_padding_position=&#8221;all&#8221; background_color_opacity=&#8221;1&#8243; background_hover_color_opacity=&#8221;1&#8243; column_shadow=&#8221;none&#8221; column_border_radius=&#8221;none&#8221; column_link_target=&#8221;_self&#8221; width=&#8221;1\/4&#8243; tablet_width_inherit=&#8221;default&#8221; column_border_width=&#8221;none&#8221; column_border_style=&#8221;solid&#8221; bg_image_animation=&#8221;none&#8221; enable_animation=&#8221;true&#8221; animation=&#8221;fade-in-from-bottom&#8221; offset=&#8221;vc_hidden-sm vc_hidden-xs&#8221;][\/vc_column_inner][vc_column_inner column_padding=&#8221;no-extra-padding&#8221; column_padding_position=&#8221;all&#8221; centered_text=&#8221;true&#8221; background_color_opacity=&#8221;1&#8243; background_hover_color_opacity=&#8221;1&#8243; column_shadow=&#8221;none&#8221; column_border_radius=&#8221;none&#8221; column_link_target=&#8221;_self&#8221; width=&#8221;1\/2&#8243; tablet_width_inherit=&#8221;default&#8221; column_border_width=&#8221;none&#8221; column_border_style=&#8221;solid&#8221; bg_image_animation=&#8221;none&#8221; enable_animation=&#8221;true&#8221; animation=&#8221;fade-in-from-bottom&#8221; offset=&#8221;vc_col-xs-12&#8243;][vc_column_text max_width=&#8221;600&#8243;]\n<h2>Sedat G\u00fcndo\u011fdu<\/h2>\n[\/vc_column_text][\/vc_column_inner][vc_column_inner column_padding=&#8221;no-extra-padding&#8221; column_padding_position=&#8221;all&#8221; background_color_opacity=&#8221;1&#8243; background_hover_color_opacity=&#8221;1&#8243; column_shadow=&#8221;none&#8221; column_border_radius=&#8221;none&#8221; column_link_target=&#8221;_self&#8221; width=&#8221;1\/4&#8243; tablet_width_inherit=&#8221;default&#8221; column_border_width=&#8221;none&#8221; column_border_style=&#8221;solid&#8221; bg_image_animation=&#8221;none&#8221; offset=&#8221;vc_hidden-sm vc_hidden-xs&#8221;][\/vc_column_inner][\/vc_row_inner][vc_row_inner column_margin=&#8221;default&#8221; bottom_padding=&#8221;80&#8243; text_align=&#8221;left&#8221;][vc_column_inner column_padding=&#8221;no-extra-padding&#8221; column_padding_position=&#8221;all&#8221; background_color_opacity=&#8221;1&#8243; background_hover_color_opacity=&#8221;1&#8243; column_shadow=&#8221;none&#8221; column_border_radius=&#8221;none&#8221; column_link_target=&#8221;_self&#8221; width=&#8221;1\/4&#8243; tablet_width_inherit=&#8221;default&#8221; column_border_width=&#8221;none&#8221; column_border_style=&#8221;solid&#8221; bg_image_animation=&#8221;none&#8221; enable_animation=&#8221;true&#8221; animation=&#8221;fade-in-from-bottom&#8221; delay=&#8221;50&#8243; offset=&#8221;vc_hidden-sm vc_hidden-xs&#8221;][\/vc_column_inner][vc_column_inner column_padding=&#8221;no-extra-padding&#8221; column_padding_position=&#8221;all&#8221; centered_text=&#8221;true&#8221; background_color_opacity=&#8221;1&#8243; background_hover_color_opacity=&#8221;1&#8243; column_shadow=&#8221;none&#8221; column_border_radius=&#8221;none&#8221; column_link_target=&#8221;_self&#8221; width=&#8221;1\/2&#8243; tablet_width_inherit=&#8221;default&#8221; column_border_width=&#8221;none&#8221; column_border_style=&#8221;solid&#8221; bg_image_animation=&#8221;none&#8221; enable_animation=&#8221;true&#8221; animation=&#8221;fade-in-from-bottom&#8221; delay=&#8221;100&#8243; offset=&#8221;vc_col-xs-12&#8243;][vc_custom_heading text=&#8221;Do\u00e7.Dr. Sedat G\u00fcndo\u011fdu 1984 y\u0131l\u0131nda Van \/ Muradiye&#8217;de do\u011fmu\u015f olsa da resmi olarak \u0130stanbul \/ Beyo\u011flu do\u011fumlu. \u0130lk, Orta ve Lise \u00f6\u011fretimini \u0130stanbul&#8217;da tamamlad\u0131ktan sonra \u00e7ok sevdi\u011fi biyolojiyi okumak i\u00e7in Van&#8217;a gitti. Biyoloji b\u00f6l\u00fcm\u00fcn\u00fc bitirdikten sonra bal\u0131k biyolojisi \u00fczerine Master ve Doktora e\u011fitimini yapmak \u00fczere \u00c7ukurova \u00dcniversitesi&#8217;ne ba\u015flad\u0131. &#8221; font_container=&#8221;tag:p|text_align:center|color:rgba(0%2C0%2C0%2C0.65)&#8221; use_theme_fonts=&#8221;yes&#8221; css_animation=&#8221;none&#8221;][nectar_video_lightbox link_style=&#8221;play_button_2&#8243; nectar_play_button_color=&#8221;Extra-Color-2&#8243; image_url=&#8221;1313&#8243; hover_effect=&#8221;defaut&#8221; box_shadow=&#8221;small_depth&#8221; border_radius=&#8221;none&#8221; play_button_size=&#8221;default&#8221; video_url=&#8221;https:\/\/bergamacevreff.org\/wp-content\/uploads\/SedatGundogdu\/SedatGUNDOGDU.mp4&#8243;][\/vc_column_inner][vc_column_inner column_padding=&#8221;no-extra-padding&#8221; column_padding_position=&#8221;all&#8221; background_color_opacity=&#8221;1&#8243; background_hover_color_opacity=&#8221;1&#8243; column_shadow=&#8221;none&#8221; column_border_radius=&#8221;none&#8221; column_link_target=&#8221;_self&#8221; width=&#8221;1\/4&#8243; tablet_width_inherit=&#8221;default&#8221; column_border_width=&#8221;none&#8221; column_border_style=&#8221;solid&#8221; bg_image_animation=&#8221;none&#8221; offset=&#8221;vc_hidden-sm vc_hidden-xs&#8221;][\/vc_column_inner][\/vc_row_inner][vc_row_inner equal_height=&#8221;yes&#8221; content_placement=&#8221;middle&#8221; column_margin=&#8221;default&#8221; text_align=&#8221;left&#8221;][vc_column_inner column_padding=&#8221;padding-4-percent&#8221; column_padding_position=&#8221;all&#8221; background_color_opacity=&#8221;1&#8243; background_hover_color_opacity=&#8221;1&#8243; column_shadow=&#8221;none&#8221; column_border_radius=&#8221;none&#8221; column_link_target=&#8221;_self&#8221; width=&#8221;1\/3&#8243; tablet_width_inherit=&#8221;default&#8221; column_border_width=&#8221;2px&#8221; column_border_color=&#8221;#e2e2e2&#8243; column_border_style=&#8221;solid&#8221; enable_border_animation=&#8221;true&#8221; bg_image_animation=&#8221;none&#8221; enable_animation=&#8221;true&#8221; animation=&#8221;fade-in&#8221;][vc_custom_heading text=&#8221;Neden Akdeniz\u2019in en kirli k\u0131y\u0131lar\u0131 T\u00fcrkiye\u2019de?&#8221; font_container=&#8221;tag:p|font_size:14|text_align:left|color:%230a0a0a|line_height:20px&#8221; google_fonts=&#8221;font_family:Roboto%3A100%2C100italic%2C300%2C300italic%2Cregular%2Citalic%2C500%2C500italic%2C700%2C700italic%2C900%2C900italic|font_style:700%20bold%20regular%3A700%3Anormal&#8221; css_animation=&#8221;none&#8221; css=&#8221;.vc_custom_1569944366042{margin-bottom: -15px !important;}&#8221;][vc_custom_heading text=&#8221;D\u0131\u015f g\u00fc\u00e7ler\u2019 tan\u0131mlamas\u0131 ironik, ama ger\u00e7ek. Belki de ender ger\u00e7ek oldu\u011fu alan.&#8221; font_container=&#8221;tag:p|text_align:left|color:%23878787&#8243; use_theme_fonts=&#8221;yes&#8221; css_animation=&#8221;none&#8221; css=&#8221;.vc_custom_1569944389605{margin-bottom: -15px !important;}&#8221;][nectar_btn size=&#8221;large&#8221; open_new_tab=&#8221;true&#8221; button_style=&#8221;regular&#8221; button_color_2=&#8221;Extra-Color-2&#8243; color_override=&#8221;#2ac4ea&#8221; icon_family=&#8221;iconsmind&#8221; text=&#8221;Read More.&#8221; icon_iconsmind=&#8221;iconsmind-Triangle-ArrowRight&#8221; margin_top=&#8221;50&#8243; url=&#8221;https:\/\/yesilgazete.org\/blog\/2019\/06\/15\/neden-akdenizin-en-kirli-kiyilari-turkiyede\/&#8221;][\/vc_column_inner][vc_column_inner column_padding=&#8221;padding-4-percent&#8221; column_padding_position=&#8221;all&#8221; background_color_opacity=&#8221;1&#8243; background_hover_color_opacity=&#8221;1&#8243; column_shadow=&#8221;none&#8221; column_border_radius=&#8221;none&#8221; column_link_target=&#8221;_self&#8221; width=&#8221;1\/3&#8243; tablet_width_inherit=&#8221;default&#8221; column_border_width=&#8221;2px&#8221; column_border_color=&#8221;#e2e2e2&#8243; column_border_style=&#8221;solid&#8221; enable_border_animation=&#8221;true&#8221; bg_image_animation=&#8221;none&#8221; enable_animation=&#8221;true&#8221; animation=&#8221;fade-in&#8221; border_animation_delay=&#8221;300&#8243; delay=&#8221;300&#8243;][vc_custom_heading text=&#8221;Plastik \u00e7\u00f6p ticareti: De\u011ferin \u00e7\u00f6pe d\u00f6n\u00fc\u015f\u00fcm\u00fc&#8221; font_container=&#8221;tag:p|font_size:14|text_align:left|color:%230a0a0a|line_height:20px&#8221; google_fonts=&#8221;font_family:Roboto%3A100%2C100italic%2C300%2C300italic%2Cregular%2Citalic%2C500%2C500italic%2C700%2C700italic%2C900%2C900italic|font_style:700%20bold%20regular%3A700%3Anormal&#8221; css_animation=&#8221;none&#8221; css=&#8221;.vc_custom_1569944440900{margin-bottom: -15px !important;}&#8221;][vc_custom_heading text=&#8221;T\u00fcrkiye plastik \u00e7\u00f6p ithalat\u0131na h\u00e2l\u00e2 devam ediyor. Hen\u00fcz kendi \u00e7\u00f6p\u00fcn\u00fc bile toplayamayan bir \u00fclke neden ba\u015fkalar\u0131n\u0131n \u00e7\u00f6p\u00fcn\u00fc ithal eder?&#8221; font_container=&#8221;tag:p|text_align:left|color:%23878787&#8243; use_theme_fonts=&#8221;yes&#8221; css_animation=&#8221;none&#8221; css=&#8221;.vc_custom_1569944460307{margin-bottom: -15px !important;}&#8221;][nectar_btn size=&#8221;large&#8221; open_new_tab=&#8221;true&#8221; button_style=&#8221;regular&#8221; button_color_2=&#8221;Extra-Color-2&#8243; color_override=&#8221;#2ac4ea&#8221; icon_family=&#8221;iconsmind&#8221; text=&#8221;Read More.&#8221; icon_iconsmind=&#8221;iconsmind-Triangle-ArrowRight&#8221; margin_top=&#8221;50&#8243; url=&#8221;https:\/\/t24.com.tr\/k24\/yazi\/plastik,2369&#8243;][\/vc_column_inner][vc_column_inner column_padding=&#8221;padding-4-percent&#8221; column_padding_position=&#8221;all&#8221; background_color_opacity=&#8221;1&#8243; background_hover_color_opacity=&#8221;1&#8243; column_shadow=&#8221;none&#8221; column_border_radius=&#8221;none&#8221; column_link_target=&#8221;_self&#8221; width=&#8221;1\/3&#8243; tablet_width_inherit=&#8221;default&#8221; column_border_width=&#8221;2px&#8221; column_border_color=&#8221;#e2e2e2&#8243; column_border_style=&#8221;solid&#8221; enable_border_animation=&#8221;true&#8221; bg_image_animation=&#8221;none&#8221; enable_animation=&#8221;true&#8221; animation=&#8221;fade-in&#8221; border_animation_delay=&#8221;600&#8243; delay=&#8221;600&#8243;][vc_custom_heading text=&#8221;Mikroplastikler: Besin zincirinin en tehlikeli halkas\u0131&#8221; font_container=&#8221;tag:p|font_size:14|text_align:left|color:%230a0a0a|line_height:20px&#8221; google_fonts=&#8221;font_family:Roboto%3A100%2C100italic%2C300%2C300italic%2Cregular%2Citalic%2C500%2C500italic%2C700%2C700italic%2C900%2C900italic|font_style:700%20bold%20regular%3A700%3Anormal&#8221; css_animation=&#8221;none&#8221; css=&#8221;.vc_custom_1569944491221{margin-bottom: -15px !important;}&#8221;][vc_custom_heading text=&#8221;D\u00fcnyan\u0131n plastik malzeme arz\u0131, i\u015ftahl\u0131 ekonomik g\u00f6stergeler sergileyen bir art\u0131\u015f izliyor.&#8221; font_container=&#8221;tag:p|text_align:left|color:%23878787&#8243; use_theme_fonts=&#8221;yes&#8221; css_animation=&#8221;none&#8221; css=&#8221;.vc_custom_1569944513352{margin-bottom: -15px !important;}&#8221;][nectar_btn size=&#8221;large&#8221; open_new_tab=&#8221;true&#8221; button_style=&#8221;regular&#8221; button_color_2=&#8221;Extra-Color-2&#8243; color_override=&#8221;#2ac4ea&#8221; icon_family=&#8221;iconsmind&#8221; text=&#8221;Read More.&#8221; icon_iconsmind=&#8221;iconsmind-Triangle-ArrowRight&#8221; margin_top=&#8221;50&#8243; url=&#8221;https:\/\/yesilgazete.org\/blog\/2018\/11\/05\/mikroplastikler-besin-zincirinin-en-tehlikeli-halkasi-sedat-gundogdu\/&#8221;][\/vc_column_inner][\/vc_row_inner][vc_row_inner equal_height=&#8221;yes&#8221; content_placement=&#8221;middle&#8221; column_margin=&#8221;default&#8221; text_align=&#8221;left&#8221;][vc_column_inner column_padding=&#8221;padding-4-percent&#8221; column_padding_position=&#8221;all&#8221; background_color_opacity=&#8221;1&#8243; background_hover_color_opacity=&#8221;1&#8243; column_shadow=&#8221;none&#8221; column_border_radius=&#8221;none&#8221; column_link_target=&#8221;_self&#8221; width=&#8221;1\/3&#8243; tablet_width_inherit=&#8221;default&#8221; column_border_width=&#8221;2px&#8221; column_border_color=&#8221;#e2e2e2&#8243; column_border_style=&#8221;solid&#8221; enable_border_animation=&#8221;true&#8221; bg_image_animation=&#8221;none&#8221; enable_animation=&#8221;true&#8221; animation=&#8221;fade-in&#8221;][vc_custom_heading text=&#8221;Plastik Kirlili\u011fi Art\u0131yor&#8221; font_container=&#8221;tag:p|font_size:14|text_align:left|color:%230a0a0a|line_height:20px&#8221; google_fonts=&#8221;font_family:Roboto%3A100%2C100italic%2C300%2C300italic%2Cregular%2Citalic%2C500%2C500italic%2C700%2C700italic%2C900%2C900italic|font_style:700%20bold%20regular%3A700%3Anormal&#8221; css_animation=&#8221;none&#8221; css=&#8221;.vc_custom_1570112771694{margin-bottom: -15px !important;}&#8221;][vc_custom_heading text=&#8221;A\u015f\u0131r\u0131 Ya\u011fmur ve Ani Seller Deniz Ekosistemlerinde Mikroplastiklerin Yo\u011funlu\u011funu Artt\u0131r\u0131yor&#8221; font_container=&#8221;tag:p|text_align:left|color:%23878787&#8243; use_theme_fonts=&#8221;yes&#8221; css_animation=&#8221;none&#8221; css=&#8221;.vc_custom_1570112694062{margin-bottom: -15px !important;}&#8221;][nectar_btn size=&#8221;large&#8221; open_new_tab=&#8221;true&#8221; button_style=&#8221;regular&#8221; button_color_2=&#8221;Extra-Color-2&#8243; color_override=&#8221;#2ac4ea&#8221; icon_family=&#8221;iconsmind&#8221; text=&#8221;Read More.&#8221; icon_iconsmind=&#8221;iconsmind-Triangle-ArrowRight&#8221; margin_top=&#8221;50&#8243; url=&#8221;https:\/\/bergamacevreff.org\/wp-content\/uploads\/SedatGundogdu\/4-4.pdf&#8221;][\/vc_column_inner][\/vc_row_inner][\/vc_column][\/vc_row]\n","protected":false},"excerpt":{"rendered":"<p>[vc_row type=&#8221;full_width_background&#8221; full_screen_row_position=&#8221;middle&#8221; scene_position=&#8221;center&#8221; text_color=&#8221;dark&#8221; text_align=&#8221;left&#8221; top_padding=&#8221;10%&#8221; bottom_padding=&#8221;10%&#8221; overlay_strength=&#8221;0.3&#8243; shape_divider_position=&#8221;bottom&#8221; bg_image_animation=&#8221;none&#8221;][vc_column column_padding=&#8221;padding-4-percent&#8221; column_padding_position=&#8221;bottom&#8221; background_color_opacity=&#8221;1&#8243; background_hover_color_opacity=&#8221;1&#8243; column_link_target=&#8221;_self&#8221; column_shadow=&#8221;none&#8221; column_border_radius=&#8221;none&#8221; width=&#8221;1\/1&#8243; tablet_width_inherit=&#8221;default&#8221; tablet_text_alignment=&#8221;default&#8221; phone_text_alignment=&#8221;default&#8221; column_border_width=&#8221;none&#8221; column_border_style=&#8221;solid&#8221; bg_image_animation=&#8221;none&#8221;][vc_row_inner column_margin=&#8221;default&#8221; text_align=&#8221;left&#8221;][vc_column_inner column_padding=&#8221;no-extra-padding&#8221; column_padding_position=&#8221;all&#8221; background_color_opacity=&#8221;1&#8243;&#8230;<\/p>\n","protected":false},"author":4,"featured_media":0,"parent":0,"menu_order":0,"comment_status":"closed","ping_status":"closed","template":"","meta":[],"_links":{"self":[{"href":"https:\/\/bergamacevreff.org\/en\/wp-json\/wp\/v2\/pages\/1272"}],"collection":[{"href":"https:\/\/bergamacevreff.org\/en\/wp-json\/wp\/v2\/pages"}],"about":[{"href":"https:\/\/bergamacevreff.org\/en\/wp-json\/wp\/v2\/types\/page"}],"author":[{"embeddable":true,"href":"https:\/\/bergamacevreff.org\/en\/wp-json\/wp\/v2\/users\/4"}],"replies":[{"embeddable":true,"href":"https:\/\/bergamacevreff.org\/en\/wp-json\/wp\/v2\/comments?post=1272"}],"version-history":[{"count":4,"href":"https:\/\/bergamacevreff.org\/en\/wp-json\/wp\/v2\/pages\/1272\/revisions"}],"predecessor-version":[{"id":1330,"href":"https:\/\/bergamacevreff.org\/en\/wp-json\/wp\/v2\/pages\/1272\/revisions\/1330"}],"wp:attachment":[{"href":"https:\/\/bergamacevreff.org\/en\/wp-json\/wp\/v2\/media?parent=1272"}],"curies":[{"name":"wp","href":"https:\/\/api.w.org\/{rel}","templated":true}]}}