{"id":1226,"date":"2019-09-26T21:30:37","date_gmt":"2019-09-26T21:30:37","guid":{"rendered":"https:\/\/bergamacevreff.org\/akgun-ilhan\/"},"modified":"2019-12-29T23:35:28","modified_gmt":"2019-12-29T23:35:28","slug":"akgun-ilhan","status":"publish","type":"page","link":"https:\/\/bergamacevreff.org\/en\/akgun-ilhan\/","title":{"rendered":"Akg\u00fcn \u0130lhan"},"content":{"rendered":"[vc_row type=&#8221;full_width_background&#8221; full_screen_row_position=&#8221;middle&#8221; scene_position=&#8221;center&#8221; text_color=&#8221;dark&#8221; text_align=&#8221;left&#8221; top_padding=&#8221;10%&#8221; bottom_padding=&#8221;10%&#8221; overlay_strength=&#8221;0.3&#8243; shape_divider_position=&#8221;bottom&#8221; bg_image_animation=&#8221;none&#8221;][vc_column column_padding=&#8221;padding-4-percent&#8221; column_padding_position=&#8221;bottom&#8221; background_color_opacity=&#8221;1&#8243; background_hover_color_opacity=&#8221;1&#8243; column_link_target=&#8221;_self&#8221; column_shadow=&#8221;none&#8221; column_border_radius=&#8221;none&#8221; width=&#8221;1\/1&#8243; tablet_width_inherit=&#8221;default&#8221; tablet_text_alignment=&#8221;default&#8221; phone_text_alignment=&#8221;default&#8221; column_border_width=&#8221;none&#8221; column_border_style=&#8221;solid&#8221; bg_image_animation=&#8221;none&#8221;][vc_row_inner column_margin=&#8221;default&#8221; text_align=&#8221;left&#8221;][vc_column_inner column_padding=&#8221;no-extra-padding&#8221; column_padding_position=&#8221;all&#8221; background_color_opacity=&#8221;1&#8243; background_hover_color_opacity=&#8221;1&#8243; column_shadow=&#8221;none&#8221; column_border_radius=&#8221;none&#8221; column_link_target=&#8221;_self&#8221; width=&#8221;1\/4&#8243; tablet_width_inherit=&#8221;default&#8221; column_border_width=&#8221;none&#8221; column_border_style=&#8221;solid&#8221; bg_image_animation=&#8221;none&#8221; enable_animation=&#8221;true&#8221; animation=&#8221;fade-in-from-bottom&#8221; offset=&#8221;vc_hidden-sm vc_hidden-xs&#8221;][\/vc_column_inner][vc_column_inner column_padding=&#8221;no-extra-padding&#8221; column_padding_position=&#8221;all&#8221; centered_text=&#8221;true&#8221; background_color_opacity=&#8221;1&#8243; background_hover_color_opacity=&#8221;1&#8243; column_shadow=&#8221;none&#8221; column_border_radius=&#8221;none&#8221; column_link_target=&#8221;_self&#8221; width=&#8221;1\/2&#8243; tablet_width_inherit=&#8221;default&#8221; column_border_width=&#8221;none&#8221; column_border_style=&#8221;solid&#8221; bg_image_animation=&#8221;none&#8221; enable_animation=&#8221;true&#8221; animation=&#8221;fade-in-from-bottom&#8221; offset=&#8221;vc_col-xs-12&#8243;][vc_column_text max_width=&#8221;600&#8243;]\n<h2>Akg\u00fcn \u0130lhan<\/h2>\n[\/vc_column_text][\/vc_column_inner][vc_column_inner column_padding=&#8221;no-extra-padding&#8221; column_padding_position=&#8221;all&#8221; background_color_opacity=&#8221;1&#8243; background_hover_color_opacity=&#8221;1&#8243; column_shadow=&#8221;none&#8221; column_border_radius=&#8221;none&#8221; column_link_target=&#8221;_self&#8221; width=&#8221;1\/4&#8243; tablet_width_inherit=&#8221;default&#8221; column_border_width=&#8221;none&#8221; column_border_style=&#8221;solid&#8221; bg_image_animation=&#8221;none&#8221; offset=&#8221;vc_hidden-sm vc_hidden-xs&#8221;][\/vc_column_inner][\/vc_row_inner][vc_row_inner column_margin=&#8221;default&#8221; bottom_padding=&#8221;80&#8243; text_align=&#8221;left&#8221;][vc_column_inner column_padding=&#8221;no-extra-padding&#8221; column_padding_position=&#8221;all&#8221; background_color_opacity=&#8221;1&#8243; background_hover_color_opacity=&#8221;1&#8243; column_shadow=&#8221;none&#8221; column_border_radius=&#8221;none&#8221; column_link_target=&#8221;_self&#8221; width=&#8221;1\/4&#8243; tablet_width_inherit=&#8221;default&#8221; column_border_width=&#8221;none&#8221; column_border_style=&#8221;solid&#8221; bg_image_animation=&#8221;none&#8221; enable_animation=&#8221;true&#8221; animation=&#8221;fade-in-from-bottom&#8221; delay=&#8221;50&#8243; offset=&#8221;vc_hidden-sm vc_hidden-xs&#8221;][\/vc_column_inner][vc_column_inner column_padding=&#8221;no-extra-padding&#8221; column_padding_position=&#8221;all&#8221; centered_text=&#8221;true&#8221; background_color_opacity=&#8221;1&#8243; background_hover_color_opacity=&#8221;1&#8243; column_shadow=&#8221;none&#8221; column_border_radius=&#8221;none&#8221; column_link_target=&#8221;_self&#8221; width=&#8221;1\/2&#8243; tablet_width_inherit=&#8221;default&#8221; column_border_width=&#8221;none&#8221; column_border_style=&#8221;solid&#8221; bg_image_animation=&#8221;none&#8221; enable_animation=&#8221;true&#8221; animation=&#8221;fade-in-from-bottom&#8221; delay=&#8221;100&#8243; offset=&#8221;vc_col-xs-12&#8243;][vc_custom_heading text=&#8221;Dr. Akg\u00fcn \u0130lhan holds a BSc degree in Landscape Architecture from Ankara University (1996). She completed her MA in Curriculum &amp; Instruction (2002) in Hacettepe University and MSc in International Environmental Science in Lund University (2005) in Sweden with the Swedish Institute Scholarship. \u0130lhan completed her PhD in the field of Environmental Sciences at the Institute of Science and Technology (ICTA) in Universitat Autonoma de Barcelona with the FI scholarship from the Catalan Government. Meanwhile she also worked as a research associate, under the supervision of Joan David T\u00e0bara, in the European Union funded project called \u201cMethods and Tools for Integrated Sustainability Assessment\u201d (MATISSE). After completing her studies, she came back to Turkey and worked for the Right to Water Campaign (Istanbul\/Turkey) in the period of 2012-2018. She also gives lectures (\u201cEnvironment &amp; Tourism\u201d and \u201cSustainability from Environmental &amp; Social Perspectives\u201d) in Bo\u011fazi\u00e7i University Tourism Administration Department since 2017. Akg\u00fcn \u0130lhan is the author of the book Towards a New Water Policy: Water Management, Alternatives and Recommendations (2011) and chapters and articles in books, newspapers and magazines about various dimensions of the water crisis and climate change in Turkey. She is the producer of a radio program called Su Hakk\u0131 which was aired between 2012-2018 and a current radio program with the name Sudan Gelen since May 2018 in A\u00e7\u0131k Radyo. She is also a 2014\/15 Mercator-IPC Fellow in climate change.   &#8221; font_container=&#8221;tag:p|text_align:center|color:rgba(0%2C0%2C0%2C0.65)&#8221; use_theme_fonts=&#8221;yes&#8221; css_animation=&#8221;none&#8221;][nectar_video_lightbox link_style=&#8221;play_button_2&#8243; nectar_play_button_color=&#8221;Extra-Color-2&#8243; image_url=&#8221;1333&#8243; hover_effect=&#8221;defaut&#8221; box_shadow=&#8221;small_depth&#8221; border_radius=&#8221;none&#8221; play_button_size=&#8221;default&#8221; video_url=&#8221;https:\/\/bergamacevreff.org\/wp-content\/uploads\/AkgunIlhan\/AkgunIlhan.mp4&#8243;][\/vc_column_inner][vc_column_inner column_padding=&#8221;no-extra-padding&#8221; column_padding_position=&#8221;all&#8221; background_color_opacity=&#8221;1&#8243; background_hover_color_opacity=&#8221;1&#8243; column_shadow=&#8221;none&#8221; column_border_radius=&#8221;none&#8221; column_link_target=&#8221;_self&#8221; width=&#8221;1\/4&#8243; tablet_width_inherit=&#8221;default&#8221; column_border_width=&#8221;none&#8221; column_border_style=&#8221;solid&#8221; bg_image_animation=&#8221;none&#8221; offset=&#8221;vc_hidden-sm vc_hidden-xs&#8221;][\/vc_column_inner][\/vc_row_inner][vc_row_inner equal_height=&#8221;yes&#8221; content_placement=&#8221;middle&#8221; column_margin=&#8221;default&#8221; text_align=&#8221;left&#8221;][vc_column_inner column_padding=&#8221;padding-4-percent&#8221; column_padding_position=&#8221;all&#8221; background_color_opacity=&#8221;1&#8243; background_hover_color_opacity=&#8221;1&#8243; column_shadow=&#8221;none&#8221; column_border_radius=&#8221;none&#8221; column_link_target=&#8221;_self&#8221; width=&#8221;1\/3&#8243; tablet_width_inherit=&#8221;default&#8221; column_border_width=&#8221;2px&#8221; column_border_color=&#8221;#e2e2e2&#8243; column_border_style=&#8221;solid&#8221; enable_border_animation=&#8221;true&#8221; bg_image_animation=&#8221;none&#8221; enable_animation=&#8221;true&#8221; animation=&#8221;fade-in&#8221;][vc_custom_heading text=&#8221;D\u00fcnya Su G\u00fcn\u00fc\u2019nde kimseyi geride b\u0131rakmamak&#8221; font_container=&#8221;tag:p|font_size:14|text_align:left|color:%230a0a0a|line_height:20px&#8221; google_fonts=&#8221;font_family:Roboto%3A100%2C100italic%2C300%2C300italic%2Cregular%2Citalic%2C500%2C500italic%2C700%2C700italic%2C900%2C900italic|font_style:700%20bold%20regular%3A700%3Anormal&#8221; css_animation=&#8221;none&#8221; css=&#8221;.vc_custom_1569410184230{margin-bottom: -15px !important;}&#8221;][vc_custom_heading text=&#8221;1993\u2019ten bu yana kutlanan 22 Mart D\u00fcnya Su G\u00fcn\u00fc\u2019n\u00fcn bu seneki temas\u0131 suya eri\u015fimde \u2018Kimseyi Geride B\u0131rakmamak\u2019.&#8221; font_container=&#8221;tag:p|text_align:left|color:%23878787&#8243; use_theme_fonts=&#8221;yes&#8221; css_animation=&#8221;none&#8221; css=&#8221;.vc_custom_1569410311149{margin-bottom: -15px !important;}&#8221;][nectar_btn size=&#8221;large&#8221; open_new_tab=&#8221;true&#8221; button_style=&#8221;regular&#8221; button_color_2=&#8221;Extra-Color-2&#8243; color_override=&#8221;#2ac4ea&#8221; icon_family=&#8221;iconsmind&#8221; text=&#8221;Read More.&#8221; icon_iconsmind=&#8221;iconsmind-Triangle-ArrowRight&#8221; margin_top=&#8221;50&#8243; url=&#8221;https:\/\/bergamacevreff.org\/wp-content\/uploads\/AkgunIlhan\/1-1.pdf&#8221;][\/vc_column_inner][vc_column_inner column_padding=&#8221;padding-4-percent&#8221; column_padding_position=&#8221;all&#8221; background_color_opacity=&#8221;1&#8243; background_hover_color_opacity=&#8221;1&#8243; column_shadow=&#8221;none&#8221; column_border_radius=&#8221;none&#8221; column_link_target=&#8221;_self&#8221; width=&#8221;1\/3&#8243; tablet_width_inherit=&#8221;default&#8221; column_border_width=&#8221;2px&#8221; column_border_color=&#8221;#e2e2e2&#8243; column_border_style=&#8221;solid&#8221; enable_border_animation=&#8221;true&#8221; bg_image_animation=&#8221;none&#8221; enable_animation=&#8221;true&#8221; animation=&#8221;fade-in&#8221; border_animation_delay=&#8221;300&#8243; delay=&#8221;300&#8243;][vc_custom_heading text=&#8221;Aya\u011f\u0131n\u0131 Suyuna G\u00f6re Uzatmak&#8221; font_container=&#8221;tag:p|font_size:14|text_align:left|color:%230a0a0a|line_height:20px&#8221; google_fonts=&#8221;font_family:Roboto%3A100%2C100italic%2C300%2C300italic%2Cregular%2Citalic%2C500%2C500italic%2C700%2C700italic%2C900%2C900italic|font_style:700%20bold%20regular%3A700%3Anormal&#8221; css_animation=&#8221;none&#8221; css=&#8221;.vc_custom_1569410160146{margin-bottom: -15px !important;}&#8221;][vc_custom_heading text=&#8221;T\u00fcrkiye k\u00fcresel iklim de\u011fi\u015fikli\u011finden en fazla etkilenen b\u00f6lgelerden biri olan Akdeniz Havzas\u0131\u2019nda yer al\u0131yor.&#8221; font_container=&#8221;tag:p|text_align:left|color:%23878787&#8243; use_theme_fonts=&#8221;yes&#8221; css_animation=&#8221;none&#8221; css=&#8221;.vc_custom_1569410383481{margin-bottom: -15px !important;}&#8221;][nectar_btn size=&#8221;large&#8221; open_new_tab=&#8221;true&#8221; button_style=&#8221;regular&#8221; button_color_2=&#8221;Extra-Color-2&#8243; color_override=&#8221;#2ac4ea&#8221; icon_family=&#8221;iconsmind&#8221; text=&#8221;Read More.&#8221; icon_iconsmind=&#8221;iconsmind-Triangle-ArrowRight&#8221; margin_top=&#8221;50&#8243; url=&#8221;https:\/\/bergamacevreff.org\/wp-content\/uploads\/AkgunIlhan\/1-2.pdf&#8221;][\/vc_column_inner][vc_column_inner column_padding=&#8221;padding-4-percent&#8221; column_padding_position=&#8221;all&#8221; background_color_opacity=&#8221;1&#8243; background_hover_color_opacity=&#8221;1&#8243; column_shadow=&#8221;none&#8221; column_border_radius=&#8221;none&#8221; column_link_target=&#8221;_self&#8221; width=&#8221;1\/3&#8243; tablet_width_inherit=&#8221;default&#8221; column_border_width=&#8221;2px&#8221; column_border_color=&#8221;#e2e2e2&#8243; column_border_style=&#8221;solid&#8221; enable_border_animation=&#8221;true&#8221; bg_image_animation=&#8221;none&#8221; enable_animation=&#8221;true&#8221; animation=&#8221;fade-in&#8221; border_animation_delay=&#8221;600&#8243; delay=&#8221;600&#8243;][vc_custom_heading text=&#8221;Yollardan Sellere Bir D\u00f6n\u00fc\u015f\u00fcm Hikayesi&#8221; font_container=&#8221;tag:p|font_size:14|text_align:left|color:%230a0a0a|line_height:20px&#8221; google_fonts=&#8221;font_family:Roboto%3A100%2C100italic%2C300%2C300italic%2Cregular%2Citalic%2C500%2C500italic%2C700%2C700italic%2C900%2C900italic|font_style:700%20bold%20regular%3A700%3Anormal&#8221; css_animation=&#8221;none&#8221; css=&#8221;.vc_custom_1569410130285{margin-bottom: -15px !important;}&#8221;][vc_custom_heading text=&#8221;T\u00fcrkiye k\u0131\u015f boyunca do\u011fru d\u00fczg\u00fcn ya\u011f\u0131\u015f almad\u0131. K\u0131\u015f\u0131n ya\u011fmayan ya\u011fmurlar da kendini ilkbahar\u0131n sonlar\u0131na saklad\u0131.&#8221; font_container=&#8221;tag:p|text_align:left|color:%23878787&#8243; use_theme_fonts=&#8221;yes&#8221; css_animation=&#8221;none&#8221; css=&#8221;.vc_custom_1569410442382{margin-bottom: -15px !important;}&#8221;][nectar_btn size=&#8221;large&#8221; open_new_tab=&#8221;true&#8221; button_style=&#8221;regular&#8221; button_color_2=&#8221;Extra-Color-2&#8243; color_override=&#8221;#2ac4ea&#8221; icon_family=&#8221;iconsmind&#8221; text=&#8221;Read More.&#8221; icon_iconsmind=&#8221;iconsmind-Triangle-ArrowRight&#8221; margin_top=&#8221;50&#8243; url=&#8221;https:\/\/bergamacevreff.org\/wp-content\/uploads\/AkgunIlhan\/1-3.pdf&#8221;][\/vc_column_inner][\/vc_row_inner][vc_row_inner equal_height=&#8221;yes&#8221; content_placement=&#8221;middle&#8221; column_margin=&#8221;default&#8221; text_align=&#8221;left&#8221;][vc_column_inner column_padding=&#8221;padding-4-percent&#8221; column_padding_position=&#8221;all&#8221; background_color_opacity=&#8221;1&#8243; background_hover_color_opacity=&#8221;1&#8243; column_shadow=&#8221;none&#8221; column_border_radius=&#8221;none&#8221; column_link_target=&#8221;_self&#8221; width=&#8221;1\/3&#8243; tablet_width_inherit=&#8221;default&#8221; column_border_width=&#8221;2px&#8221; column_border_color=&#8221;#e2e2e2&#8243; column_border_style=&#8221;solid&#8221; enable_border_animation=&#8221;true&#8221; bg_image_animation=&#8221;none&#8221; enable_animation=&#8221;true&#8221; animation=&#8221;fade-in&#8221;][vc_custom_heading text=&#8221;Do\u011fadan ald\u0131\u011f\u0131n\u0131, ald\u0131\u011f\u0131n haliyle geri vermek \u00fctopya de\u011fil&#8221; font_container=&#8221;tag:p|font_size:14|text_align:left|color:%230a0a0a|line_height:20px&#8221; google_fonts=&#8221;font_family:Roboto%3A100%2C100italic%2C300%2C300italic%2Cregular%2Citalic%2C500%2C500italic%2C700%2C700italic%2C900%2C900italic|font_style:700%20bold%20regular%3A700%3Anormal&#8221; css_animation=&#8221;none&#8221; css=&#8221;.vc_custom_1569410253324{margin-bottom: -15px !important;}&#8221;][vc_custom_heading text=&#8221;End\u00fcstriyel at\u0131ksular\u0131n yeterince ar\u0131t\u0131lm\u0131yor olmas\u0131 T\u00fcrkiye\u2019nin \u00f6nemli meselelerinden biri.&#8221; font_container=&#8221;tag:p|text_align:left|color:%23878787&#8243; use_theme_fonts=&#8221;yes&#8221; css_animation=&#8221;none&#8221; css=&#8221;.vc_custom_1569410494625{margin-bottom: -15px !important;}&#8221;][nectar_btn size=&#8221;large&#8221; open_new_tab=&#8221;true&#8221; button_style=&#8221;regular&#8221; button_color_2=&#8221;Extra-Color-2&#8243; color_override=&#8221;#2ac4ea&#8221; icon_family=&#8221;iconsmind&#8221; text=&#8221;Read More.&#8221; icon_iconsmind=&#8221;iconsmind-Triangle-ArrowRight&#8221; margin_top=&#8221;50&#8243; url=&#8221;https:\/\/bergamacevreff.org\/wp-content\/uploads\/AkgunIlhan\/1-4.pdf&#8221;][\/vc_column_inner][\/vc_row_inner][\/vc_column][\/vc_row]\n","protected":false},"excerpt":{"rendered":"<p>[vc_row type=&#8221;full_width_background&#8221; full_screen_row_position=&#8221;middle&#8221; scene_position=&#8221;center&#8221; text_color=&#8221;dark&#8221; text_align=&#8221;left&#8221; top_padding=&#8221;10%&#8221; bottom_padding=&#8221;10%&#8221; overlay_strength=&#8221;0.3&#8243; shape_divider_position=&#8221;bottom&#8221; bg_image_animation=&#8221;none&#8221;][vc_column column_padding=&#8221;padding-4-percent&#8221; column_padding_position=&#8221;bottom&#8221; background_color_opacity=&#8221;1&#8243; background_hover_color_opacity=&#8221;1&#8243; column_link_target=&#8221;_self&#8221; column_shadow=&#8221;none&#8221; column_border_radius=&#8221;none&#8221; width=&#8221;1\/1&#8243; tablet_width_inherit=&#8221;default&#8221; tablet_text_alignment=&#8221;default&#8221; phone_text_alignment=&#8221;default&#8221; column_border_width=&#8221;none&#8221; column_border_style=&#8221;solid&#8221; bg_image_animation=&#8221;none&#8221;][vc_row_inner column_margin=&#8221;default&#8221; text_align=&#8221;left&#8221;][vc_column_inner column_padding=&#8221;no-extra-padding&#8221; column_padding_position=&#8221;all&#8221; background_color_opacity=&#8221;1&#8243;&#8230;<\/p>\n","protected":false},"author":4,"featured_media":0,"parent":0,"menu_order":0,"comment_status":"closed","ping_status":"closed","template":"","meta":[],"_links":{"self":[{"href":"https:\/\/bergamacevreff.org\/en\/wp-json\/wp\/v2\/pages\/1226"}],"collection":[{"href":"https:\/\/bergamacevreff.org\/en\/wp-json\/wp\/v2\/pages"}],"about":[{"href":"https:\/\/bergamacevreff.org\/en\/wp-json\/wp\/v2\/types\/page"}],"author":[{"embeddable":true,"href":"https:\/\/bergamacevreff.org\/en\/wp-json\/wp\/v2\/users\/4"}],"replies":[{"embeddable":true,"href":"https:\/\/bergamacevreff.org\/en\/wp-json\/wp\/v2\/comments?post=1226"}],"version-history":[{"count":3,"href":"https:\/\/bergamacevreff.org\/en\/wp-json\/wp\/v2\/pages\/1226\/revisions"}],"predecessor-version":[{"id":1352,"href":"https:\/\/bergamacevreff.org\/en\/wp-json\/wp\/v2\/pages\/1226\/revisions\/1352"}],"wp:attachment":[{"href":"https:\/\/bergamacevreff.org\/en\/wp-json\/wp\/v2\/media?parent=1226"}],"curies":[{"name":"wp","href":"https:\/\/api.w.org\/{rel}","templated":true}]}}