{"id":1151,"date":"2019-09-30T09:03:48","date_gmt":"2019-09-30T09:03:48","guid":{"rendered":"https:\/\/bergamacevreff.org\/?page_id=1151"},"modified":"2019-09-30T09:03:48","modified_gmt":"2019-09-30T09:03:48","slug":"supporters","status":"publish","type":"page","link":"https:\/\/bergamacevreff.org\/en\/supporters\/","title":{"rendered":"Supporters"},"content":{"rendered":"[vc_row type=&#8221;full_width_background&#8221; full_screen_row_position=&#8221;middle&#8221; bg_color=&#8221;#ffffff&#8221; scene_position=&#8221;center&#8221; text_color=&#8221;dark&#8221; text_align=&#8221;left&#8221; top_padding=&#8221;7%&#8221; bottom_padding=&#8221;7%&#8221; overlay_strength=&#8221;0.3&#8243; shape_divider_position=&#8221;bottom&#8221; bg_image_animation=&#8221;none&#8221; shape_type=&#8221;&#8221;][vc_column column_padding=&#8221;no-extra-padding&#8221; column_padding_position=&#8221;all&#8221; background_color_opacity=&#8221;1&#8243; background_hover_color_opacity=&#8221;1&#8243; column_link_target=&#8221;_self&#8221; column_shadow=&#8221;none&#8221; column_border_radius=&#8221;none&#8221; width=&#8221;1\/1&#8243; tablet_width_inherit=&#8221;default&#8221; tablet_text_alignment=&#8221;default&#8221; phone_text_alignment=&#8221;default&#8221; column_border_width=&#8221;none&#8221; column_border_style=&#8221;solid&#8221; bg_image_animation=&#8221;none&#8221;][vc_custom_heading text=&#8221;Festival Supporters&#8221; font_container=&#8221;tag:h3|text_align:center&#8221; google_fonts=&#8221;font_family:Roboto%3A100%2C100italic%2C300%2C300italic%2Cregular%2Citalic%2C500%2C500italic%2C700%2C700italic%2C900%2C900italic|font_style:300%20light%20regular%3A300%3Anormal&#8221;][clients columns=&#8221;3&#8243; hover_effect=&#8221;opacity&#8221; additional_padding=&#8221;3&#8243;][client image=&#8221;1155&#8243; title=&#8221;Client&#8221; id=&#8221;1569834183082-1&#8243; url=&#8221;https:\/\/www.izmir.bel.tr\/&#8221; name=&#8221;\u0130zmir B\u00fcy\u00fck\u015fehir Belediyesi&#8221; tab_id=&#8221;1569834183085-3&#8243;] \u00a0[\/client][client image=&#8221;1153&#8243; title=&#8221;Client&#8221; id=&#8221;1569834183172-4&#8243; url=&#8221;http:\/\/www.bergama.bel.tr\/&#8221; name=&#8221;Bergama Belediyesi&#8221; tab_id=&#8221;1569834183173-10&#8243;] [\/client][\/clients][\/vc_column][\/vc_row][vc_row type=&#8221;full_width_background&#8221; full_screen_row_position=&#8221;middle&#8221; bg_color=&#8221;#ffffff&#8221; scene_position=&#8221;center&#8221; text_color=&#8221;dark&#8221; text_align=&#8221;left&#8221; top_padding=&#8221;7%&#8221; bottom_padding=&#8221;7%&#8221; overlay_strength=&#8221;0.3&#8243; shape_divider_position=&#8221;bottom&#8221; bg_image_animation=&#8221;none&#8221; shape_type=&#8221;&#8221;][vc_column column_padding=&#8221;no-extra-padding&#8221; column_padding_position=&#8221;all&#8221; background_color_opacity=&#8221;1&#8243; background_hover_color_opacity=&#8221;1&#8243; column_link_target=&#8221;_self&#8221; column_shadow=&#8221;none&#8221; column_border_radius=&#8221;none&#8221; width=&#8221;1\/1&#8243; tablet_width_inherit=&#8221;default&#8221; tablet_text_alignment=&#8221;default&#8221; phone_text_alignment=&#8221;default&#8221; column_border_width=&#8221;none&#8221; column_border_style=&#8221;solid&#8221; bg_image_animation=&#8221;none&#8221;][vc_custom_heading text=&#8221;Service Supporters&#8221; font_container=&#8221;tag:h3|text_align:center&#8221; google_fonts=&#8221;font_family:Roboto%3A100%2C100italic%2C300%2C300italic%2Cregular%2Citalic%2C500%2C500italic%2C700%2C700italic%2C900%2C900italic|font_style:300%20light%20regular%3A300%3Anormal&#8221;][clients columns=&#8221;3&#8243; hover_effect=&#8221;opacity&#8221; additional_padding=&#8221;3&#8243;][client image=&#8221;1249&#8243; title=&#8221;Client&#8221; id=&#8221;1569834183293-4&#8243; url=&#8221;https:\/\/tr-tr.facebook.com\/Les-Pergamon-234430413392735\/&#8221; name=&#8221;Les Pergamon Butik Otel &amp;amp; Restaurant&#8221; tab_id=&#8221;1569834183295-8&#8243;] \u00a0[\/client][client image=&#8221;1084&#8243; title=&#8221;Client&#8221; id=&#8221;1569834183335-2&#8243; url=&#8221;https:\/\/www.etstur.com\/Elaia-Hotel&#8221; name=&#8221;Elaia Hotel&#8221; tab_id=&#8221;1569834183336-1&#8243;] [\/client][\/clients][\/vc_column][\/vc_row][vc_row type=&#8221;full_width_background&#8221; full_screen_row_position=&#8221;middle&#8221; bg_color=&#8221;#ffffff&#8221; scene_position=&#8221;center&#8221; text_color=&#8221;dark&#8221; text_align=&#8221;left&#8221; top_padding=&#8221;7%&#8221; bottom_padding=&#8221;7%&#8221; overlay_strength=&#8221;0.3&#8243; shape_divider_position=&#8221;bottom&#8221; bg_image_animation=&#8221;none&#8221; shape_type=&#8221;&#8221;][vc_column column_padding=&#8221;no-extra-padding&#8221; column_padding_position=&#8221;all&#8221; background_color_opacity=&#8221;1&#8243; background_hover_color_opacity=&#8221;1&#8243; column_link_target=&#8221;_self&#8221; column_shadow=&#8221;none&#8221; column_border_radius=&#8221;none&#8221; width=&#8221;1\/1&#8243; tablet_width_inherit=&#8221;default&#8221; tablet_text_alignment=&#8221;default&#8221; phone_text_alignment=&#8221;default&#8221; column_border_width=&#8221;none&#8221; column_border_style=&#8221;solid&#8221; bg_image_animation=&#8221;none&#8221;][vc_custom_heading text=&#8221;Cooperation&#8221; font_container=&#8221;tag:h3|text_align:center&#8221; google_fonts=&#8221;font_family:Roboto%3A100%2C100italic%2C300%2C300italic%2Cregular%2Citalic%2C500%2C500italic%2C700%2C700italic%2C900%2C900italic|font_style:300%20light%20regular%3A300%3Anormal&#8221;][clients columns=&#8221;3&#8243; hover_effect=&#8221;opacity&#8221; additional_padding=&#8221;3&#8243;][client image=&#8221;1254&#8243; title=&#8221;Client&#8221; id=&#8221;1569834183463-5&#8243; url=&#8221;https:\/\/www.facebook.com\/egitimsenbergama\/&#8221; name=&#8221;Bergama KESK&#8221; tab_id=&#8221;1569834183464-8&#8243;] \u00a0[\/client][client image=&#8221;1252&#8243; title=&#8221;Client&#8221; id=&#8221;1569834183515-10&#8243; url=&#8221;https:\/\/www.facebook.com\/groups\/107795794183\/10153882140424184\/&#8221; name=&#8221;Bergama \u00c7evre Platformu&#8221; tab_id=&#8221;1569834183516-1&#8243;] [\/client][\/clients][\/vc_column][\/vc_row]\n","protected":false},"excerpt":{"rendered":"<p>[vc_row type=&#8221;full_width_background&#8221; full_screen_row_position=&#8221;middle&#8221; bg_color=&#8221;#ffffff&#8221; scene_position=&#8221;center&#8221; text_color=&#8221;dark&#8221; text_align=&#8221;left&#8221; top_padding=&#8221;7%&#8221; bottom_padding=&#8221;7%&#8221; overlay_strength=&#8221;0.3&#8243; shape_divider_position=&#8221;bottom&#8221; bg_image_animation=&#8221;none&#8221; shape_type=&#8221;&#8221;][vc_column column_padding=&#8221;no-extra-padding&#8221; column_padding_position=&#8221;all&#8221; background_color_opacity=&#8221;1&#8243; background_hover_color_opacity=&#8221;1&#8243; column_link_target=&#8221;_self&#8221; column_shadow=&#8221;none&#8221; column_border_radius=&#8221;none&#8221; width=&#8221;1\/1&#8243; tablet_width_inherit=&#8221;default&#8221; tablet_text_alignment=&#8221;default&#8221; phone_text_alignment=&#8221;default&#8221; column_border_width=&#8221;none&#8221; column_border_style=&#8221;solid&#8221; bg_image_animation=&#8221;none&#8221;][vc_custom_heading text=&#8221;Festival Supporters&#8221; font_container=&#8221;tag:h3|text_align:center&#8221;&#8230;<\/p>\n","protected":false},"author":4,"featured_media":0,"parent":0,"menu_order":0,"comment_status":"closed","ping_status":"closed","template":"","meta":[],"_links":{"self":[{"href":"https:\/\/bergamacevreff.org\/en\/wp-json\/wp\/v2\/pages\/1151"}],"collection":[{"href":"https:\/\/bergamacevreff.org\/en\/wp-json\/wp\/v2\/pages"}],"about":[{"href":"https:\/\/bergamacevreff.org\/en\/wp-json\/wp\/v2\/types\/page"}],"author":[{"embeddable":true,"href":"https:\/\/bergamacevreff.org\/en\/wp-json\/wp\/v2\/users\/4"}],"replies":[{"embeddable":true,"href":"https:\/\/bergamacevreff.org\/en\/wp-json\/wp\/v2\/comments?post=1151"}],"version-history":[{"count":3,"href":"https:\/\/bergamacevreff.org\/en\/wp-json\/wp\/v2\/pages\/1151\/revisions"}],"predecessor-version":[{"id":1265,"href":"https:\/\/bergamacevreff.org\/en\/wp-json\/wp\/v2\/pages\/1151\/revisions\/1265"}],"wp:attachment":[{"href":"https:\/\/bergamacevreff.org\/en\/wp-json\/wp\/v2\/media?parent=1151"}],"curies":[{"name":"wp","href":"https:\/\/api.w.org\/{rel}","templated":true}]}}